{"id":106,"date":"2023-07-09T20:01:54","date_gmt":"2023-07-09T20:01:54","guid":{"rendered":"http:\/\/www.humanhelp.pl\/?page_id=106"},"modified":"2023-07-18T19:00:14","modified_gmt":"2023-07-18T19:00:14","slug":"oferujemy","status":"publish","type":"page","link":"https:\/\/www.humanhelp.pl\/hi\/oferujemy\/","title":{"rendered":"\u0939\u092e\u093e\u0930\u093e \u0911\u092b\u0930"},"content":{"rendered":"<div data-elementor-type=\"wp-page\" data-elementor-id=\"106\" class=\"elementor elementor-106\" data-elementor-post-type=\"page\">\n\t\t\t\t\t\t\t\t\t<section class=\"elementor-section elementor-top-section elementor-element elementor-element-c2b1d05 elementor-section-full_width elementor-section-height-min-height elementor-section-items-stretch elementor-section-content-bottom elementor-section-height-default\" data-id=\"c2b1d05\" data-element_type=\"section\">\n\t\t\t\t\t\t<div class=\"elementor-container elementor-column-gap-no\">\n\t\t\t\t\t<div class=\"elementor-column elementor-col-50 elementor-top-column elementor-element elementor-element-abc8f01\" data-id=\"abc8f01\" data-element_type=\"column\" data-settings=\"{&quot;background_background&quot;:&quot;classic&quot;}\">\n\t\t\t<div class=\"elementor-widget-wrap elementor-element-populated\">\n\t\t\t\t\t\t\t\t<div class=\"elementor-element elementor-element-e0ef8b1 elementor-widget elementor-widget-heading\" data-id=\"e0ef8b1\" data-element_type=\"widget\" data-widget_type=\"heading.default\">\n\t\t\t\t<div class=\"elementor-widget-container\">\n\t\t\t<style>\/*! elementor - v3.14.0 - 26-06-2023 *\/\n.elementor-heading-title{padding:0;margin:0;line-height:1}.elementor-widget-heading .elementor-heading-title[class*=elementor-size-]>a{color:inherit;font-size:inherit;line-height:inherit}.elementor-widget-heading .elementor-heading-title.elementor-size-small{font-size:15px}.elementor-widget-heading .elementor-heading-title.elementor-size-medium{font-size:19px}.elementor-widget-heading .elementor-heading-title.elementor-size-large{font-size:29px}.elementor-widget-heading .elementor-heading-title.elementor-size-xl{font-size:39px}.elementor-widget-heading .elementor-heading-title.elementor-size-xxl{font-size:59px}<\/style><h1 class=\"elementor-heading-title elementor-size-default\">\u0939\u092e\u093e\u0930\u093e \u0911\u092b\u0930<\/h1>\t\t<\/div>\n\t\t\t\t<\/div>\n\t\t\t\t<div class=\"elementor-element elementor-element-e22e8f5 elementor-widget elementor-widget-heading\" data-id=\"e22e8f5\" data-element_type=\"widget\" data-widget_type=\"heading.default\">\n\t\t\t\t<div class=\"elementor-widget-container\">\n\t\t\t<h6 class=\"elementor-heading-title elementor-size-default\">\u0939\u092e \u091c\u093e\u0928\u0924\u0947 \u0939\u0948\u0902 \u0915\u093f \u0915\u093f\u0938\u0940 \u0928\u090f \u092e\u093e\u0939\u094c\u0932 \u092e\u0947\u0902 \u0922\u0932\u0928\u093e \u0914\u0930 \u0924\u093e\u0932\u092e\u0947\u0932 \u092c\u093f\u0920\u093e\u0928\u093e \u092c\u0939\u0941\u0924 \u0915\u0920\u093f\u0928 \u0914\u0930 \u0924\u0928\u093e\u0935 \u092a\u0942\u0930\u094d\u0923 \u0939\u094b\n\u0938\u0915\u0924\u093e \u0939\u0948\u0964 \u0907\u0938\u0940\u0932\u093f\u090f \u0939\u092e\u093e\u0930\u0947 \u092a\u094d\u0930\u0924\u093f\u0928\u093f\u0927\u093f \u0906\u092a\u0915\u094b \u0928\u090f \u091c\u0917\u0939 \u092a\u0930 \u0938\u0939\u091c \u092e\u0939\u0938\u0942\u0938 \u0915\u0930\u0928\u0947 \u092e\u0947\u0902 \u092e\u0926\u0926 \u0915\u0930\u0947\u0902\u0917\u0947\u0964 \u0935\u094b\n\u0906\u092a\u0915\u094b \u0928\u0908 \u092e\u0915\u093e\u0928 \u0915\u094b \u0916\u094b\u091c\u0928\u0947 \u092e\u0947\u0902 \u092e\u0926\u0926 \u0915\u0930\u0947\u0902\u0917\u0947, \u091f\u094d\u0930\u0947\u0928\u093f\u0902\u0917 \u0915\u0940 \u0935\u094d\u092f\u0935\u0938\u094d\u0925\u093e \u0915\u0930\u0947\u0902\u0917\u0947 \u092f\u093e \u0938\u093e\u092e\u093e\u0928\u094d\u092f \u0924\u094c\u0930 \u092a\u0930 \u0906\u092a\u0915\u094b\n\u090f\u0915 \u0926\u094b\u0938\u094d\u0924 \u0915\u0940 \u0924\u0930\u0939 \u0906\u092a\u0915\u094b \u0930\u094b\u091c\u092e\u0930\u094d\u0930\u093e \u0915\u0940 \u091a\u0940\u091c\u094b\u0902 \u092e\u0947\u0902 \u0938\u0939\u093e\u092f\u0924\u093e \u092a\u094d\u0930\u0926\u093e\u0928 \u0915\u0930\u0947\u0902\u0917\u0947\u0964<\/h6>\t\t<\/div>\n\t\t\t\t<\/div>\n\t\t\t\t\t<\/div>\n\t\t<\/div>\n\t\t\t\t<div class=\"elementor-column elementor-col-25 elementor-top-column elementor-element elementor-element-44149c8\" data-id=\"44149c8\" data-element_type=\"column\">\n\t\t\t<div class=\"elementor-widget-wrap elementor-element-populated\">\n\t\t\t\t\t\t\t\t<div class=\"elementor-element elementor-element-437c6fc elementor-widget__width-initial elementor-widget elementor-widget-image\" data-id=\"437c6fc\" data-element_type=\"widget\" data-widget_type=\"image.default\">\n\t\t\t\t<div class=\"elementor-widget-container\">\n\t\t\t<style>\/*! elementor - v3.14.0 - 26-06-2023 *\/\n.elementor-widget-image{text-align:center}.elementor-widget-image a{display:inline-block}.elementor-widget-image a img[src$=\".svg\"]{width:48px}.elementor-widget-image img{vertical-align:middle;display:inline-block}<\/style>\t\t\t\t\t\t\t\t\t\t\t\t<img decoding=\"async\" width=\"789\" height=\"485\" src=\"https:\/\/www.humanhelp.pl\/wp-content\/uploads\/2023\/07\/Bez-nazwy-1.jpg\" class=\"attachment-full size-full wp-image-220\" alt=\"\" srcset=\"https:\/\/www.humanhelp.pl\/wp-content\/uploads\/2023\/07\/Bez-nazwy-1.jpg 789w, https:\/\/www.humanhelp.pl\/wp-content\/uploads\/2023\/07\/Bez-nazwy-1-300x184.jpg 300w, https:\/\/www.humanhelp.pl\/wp-content\/uploads\/2023\/07\/Bez-nazwy-1-768x472.jpg 768w\" sizes=\"(max-width: 789px) 100vw, 789px\" \/>\t\t\t\t\t\t\t\t\t\t\t\t\t\t\t<\/div>\n\t\t\t\t<\/div>\n\t\t\t\t\t<\/div>\n\t\t<\/div>\n\t\t\t\t<div class=\"elementor-column elementor-col-25 elementor-top-column elementor-element elementor-element-bcc6737\" data-id=\"bcc6737\" data-element_type=\"column\">\n\t\t\t<div class=\"elementor-widget-wrap elementor-element-populated\">\n\t\t\t\t\t\t\t\t<div class=\"elementor-element elementor-element-d3ed125 elementor-widget-mobile__width-initial animated-slow elementor-widget-tablet__width-initial elementor-invisible elementor-widget elementor-widget-spacer\" data-id=\"d3ed125\" data-element_type=\"widget\" data-settings=\"{&quot;_animation&quot;:&quot;fadeInRight&quot;}\" data-widget_type=\"spacer.default\">\n\t\t\t\t<div class=\"elementor-widget-container\">\n\t\t\t<style>\/*! elementor - v3.14.0 - 26-06-2023 *\/\n.elementor-column .elementor-spacer-inner{height:var(--spacer-size)}.e-con{--container-widget-width:100%}.e-con-inner>.elementor-widget-spacer,.e-con>.elementor-widget-spacer{width:var(--container-widget-width,var(--spacer-size));--align-self:var(--container-widget-align-self,initial);--flex-shrink:0}.e-con-inner>.elementor-widget-spacer>.elementor-widget-container,.e-con-inner>.elementor-widget-spacer>.elementor-widget-container>.elementor-spacer,.e-con>.elementor-widget-spacer>.elementor-widget-container,.e-con>.elementor-widget-spacer>.elementor-widget-container>.elementor-spacer{height:100%}.e-con-inner>.elementor-widget-spacer>.elementor-widget-container>.elementor-spacer>.elementor-spacer-inner,.e-con>.elementor-widget-spacer>.elementor-widget-container>.elementor-spacer>.elementor-spacer-inner{height:var(--container-widget-height,var(--spacer-size))}<\/style>\t\t<div class=\"elementor-spacer\">\n\t\t\t<div class=\"elementor-spacer-inner\"><\/div>\n\t\t<\/div>\n\t\t\t\t<\/div>\n\t\t\t\t<\/div>\n\t\t\t\t\t<\/div>\n\t\t<\/div>\n\t\t\t\t\t\t\t<\/div>\n\t\t<\/section>\n\t\t\t\t<section class=\"elementor-section elementor-top-section elementor-element elementor-element-7dfafc9 elementor-section-full_width elementor-reverse-tablet elementor-reverse-mobile elementor-section-height-default elementor-section-height-default\" data-id=\"7dfafc9\" data-element_type=\"section\">\n\t\t\t\t\t\t<div class=\"elementor-container elementor-column-gap-no\">\n\t\t\t\t\t<div class=\"elementor-column elementor-col-50 elementor-top-column elementor-element elementor-element-26f44ed\" data-id=\"26f44ed\" data-element_type=\"column\">\n\t\t\t<div class=\"elementor-widget-wrap elementor-element-populated\">\n\t\t\t\t\t\t\t\t<div class=\"elementor-element elementor-element-beeb7d8 elementor-widget elementor-widget-heading\" data-id=\"beeb7d8\" data-element_type=\"widget\" id=\"SZKOLENIAZAWODOWE\u200b\" data-widget_type=\"heading.default\">\n\t\t\t\t<div class=\"elementor-widget-container\">\n\t\t\t<h5 class=\"elementor-heading-title elementor-size-default\">\u092a\u094d\u0930\u094b\u092b\u0947\u0936\u0928\u0932 \u091f\u094d\u0930\u0947\u0928\u093f\u0902\u0917<\/h5>\t\t<\/div>\n\t\t\t\t<\/div>\n\t\t\t\t<div class=\"elementor-element elementor-element-0fb11dd elementor-widget elementor-widget-text-editor\" data-id=\"0fb11dd\" data-element_type=\"widget\" data-widget_type=\"text-editor.default\">\n\t\t\t\t<div class=\"elementor-widget-container\">\n\t\t\t<style>\/*! elementor - v3.14.0 - 26-06-2023 *\/\n.elementor-widget-text-editor.elementor-drop-cap-view-stacked .elementor-drop-cap{background-color:#69727d;color:#fff}.elementor-widget-text-editor.elementor-drop-cap-view-framed .elementor-drop-cap{color:#69727d;border:3px solid;background-color:transparent}.elementor-widget-text-editor:not(.elementor-drop-cap-view-default) .elementor-drop-cap{margin-top:8px}.elementor-widget-text-editor:not(.elementor-drop-cap-view-default) .elementor-drop-cap-letter{width:1em;height:1em}.elementor-widget-text-editor .elementor-drop-cap{float:left;text-align:center;line-height:1;font-size:50px}.elementor-widget-text-editor .elementor-drop-cap-letter{display:inline-block}<\/style>\t\t\t\t<p>\u0939\u092e\u093e\u0930\u093e \u092b\u093e\u0909\u0902\u0921\u0947\u0936\u0928 \u0935\u093f\u092d\u093f\u0928\u094d\u0928 \u092a\u094d\u0930\u0915\u093e\u0930 \u0915\u0947 \u092a\u094d\u0930\u094b\u092b\u0947\u0936\u0928\u0932 \u091f\u094d\u0930\u0947\u0928\u093f\u0902\u0917 \u0915\u0940 \u0938\u0941\u0935\u093f\u0927\u093e \u092a\u094d\u0930\u0926\u093e\u0928 \u0915\u0930\u0924\u093e \u0939\u0948 \u091c\u094b \u0906\u092a\u0915\u094b \u092a\u094b\u0932\u0948\u0902\u0921 \u0915\u0947<br \/>\u0935\u093e\u0924\u093e\u0935\u0930\u0923 \u092e\u0947\u0902 \u0906\u0938\u093e\u0928\u0940 \u0938\u0947 \u0918\u0941\u0932\u0928\u0947 \u092e\u093f\u0932\u0928\u0947 \u092e\u0947\u0902 \u092e\u0926\u0926 \u0915\u0930\u0924\u093e \u0939\u0948\u0964 \u0939\u092e\u093e\u0930\u0947 \u092a\u094d\u0930\u094b\u092b\u0947\u0936\u0928\u0932 \u091f\u094d\u0930\u0947\u0928\u093f\u0902\u0917 \u0910\u0938\u0947 \u0939\u0948\u0902 \u091c\u094b \u0906\u092a\u0915\u094b\n\u0928\u090f \u0928\u094c\u0915\u0930\u0940 \u0916\u094b\u091c\u0928\u0947 \u0914\u0930 \u092a\u093e\u0928\u0947 \u092e\u0947\u0902 \u092a\u094d\u0930\u092d\u093e\u0935\u0940 \u0922\u0902\u0917 \u0938\u0947 \u092e\u0926\u0926 \u0915\u0930\u0924\u0947 \u0939\u0948\u0902\u0964<\/p>\t\t\t\t\t\t<\/div>\n\t\t\t\t<\/div>\n\t\t\t\t<div class=\"elementor-element elementor-element-3599ef1 elementor-widget elementor-widget-heading\" data-id=\"3599ef1\" data-element_type=\"widget\" id=\"POLSKIEGO\" data-widget_type=\"heading.default\">\n\t\t\t\t<div class=\"elementor-widget-container\">\n\t\t\t<h5 class=\"elementor-heading-title elementor-size-default\">\u092a\u094b\u0932\u093f\u0936 \u092d\u093e\u0937\u093e \u0915\u0940 \u092a\u095d\u093e\u0908<\/h5>\t\t<\/div>\n\t\t\t\t<\/div>\n\t\t\t\t<div class=\"elementor-element elementor-element-e3a80c8 elementor-widget elementor-widget-text-editor\" data-id=\"e3a80c8\" data-element_type=\"widget\" data-widget_type=\"text-editor.default\">\n\t\t\t\t<div class=\"elementor-widget-container\">\n\t\t\t\t\t\t\t<p>\u0939\u092e \u0906\u092a\u0915\u094b \u092a\u094b\u0932\u093f\u0936 \u092d\u093e\u0937\u093e \u092a\u095d\u0928\u0947 \u0915\u0947 \u0932\u093f\u090f \u0939\u0930 \u0924\u0930\u0939 \u0915\u0940 \u0938\u093e\u092e\u0917\u094d\u0930\u0940 \u092a\u094d\u0930\u0926\u093e\u0928 \u0915\u0930\u0924\u0947 \u0939\u0948\u0902 \u0924\u093e\u0915\u093f \u0906\u092a\u0915\u094b \u0928\u0908 \u092d\u093e\u0937\u093e\n\u0938\u0940\u0916\u0928\u0947 \u092e\u0947\u0902 \u0915\u094b\u0908 \u092c\u093e\u0927\u093e \u0928 \u0939\u094b\u0964<\/p>\t\t\t\t\t\t<\/div>\n\t\t\t\t<\/div>\n\t\t\t\t\t<\/div>\n\t\t<\/div>\n\t\t\t\t<div class=\"elementor-column elementor-col-50 elementor-top-column elementor-element elementor-element-03bcfb6\" data-id=\"03bcfb6\" data-element_type=\"column\" data-settings=\"{&quot;background_background&quot;:&quot;classic&quot;}\">\n\t\t\t<div class=\"elementor-widget-wrap elementor-element-populated\">\n\t\t\t\t\t\t\t\t<div class=\"elementor-element elementor-element-857b343 elementor-widget elementor-widget-image\" data-id=\"857b343\" data-element_type=\"widget\" data-widget_type=\"image.default\">\n\t\t\t\t<div class=\"elementor-widget-container\">\n\t\t\t\t\t\t\t\t\t\t\t\t\t\t\t<img decoding=\"async\" width=\"608\" height=\"413\" src=\"https:\/\/www.humanhelp.pl\/wp-content\/uploads\/2023\/07\/photo2.jpg\" class=\"attachment-large size-large wp-image-221\" alt=\"\" srcset=\"https:\/\/www.humanhelp.pl\/wp-content\/uploads\/2023\/07\/photo2.jpg 608w, https:\/\/www.humanhelp.pl\/wp-content\/uploads\/2023\/07\/photo2-300x204.jpg 300w\" sizes=\"(max-width: 608px) 100vw, 608px\" \/>\t\t\t\t\t\t\t\t\t\t\t\t\t\t\t<\/div>\n\t\t\t\t<\/div>\n\t\t\t\t<div class=\"elementor-element elementor-element-85b4c71 elementor-widget elementor-widget-spacer\" data-id=\"85b4c71\" data-element_type=\"widget\" data-widget_type=\"spacer.default\">\n\t\t\t\t<div class=\"elementor-widget-container\">\n\t\t\t\t\t<div class=\"elementor-spacer\">\n\t\t\t<div class=\"elementor-spacer-inner\"><\/div>\n\t\t<\/div>\n\t\t\t\t<\/div>\n\t\t\t\t<\/div>\n\t\t\t\t\t<\/div>\n\t\t<\/div>\n\t\t\t\t\t\t\t<\/div>\n\t\t<\/section>\n\t\t\t\t<section class=\"elementor-section elementor-top-section elementor-element elementor-element-3578493 elementor-section-full_width elementor-section-height-default elementor-section-height-default\" data-id=\"3578493\" data-element_type=\"section\">\n\t\t\t\t\t\t<div class=\"elementor-container elementor-column-gap-no\">\n\t\t\t\t\t<div class=\"elementor-column elementor-col-50 elementor-top-column elementor-element elementor-element-409f1e9\" data-id=\"409f1e9\" data-element_type=\"column\" data-settings=\"{&quot;background_background&quot;:&quot;classic&quot;}\">\n\t\t\t<div class=\"elementor-widget-wrap elementor-element-populated\">\n\t\t\t\t\t\t\t\t<div class=\"elementor-element elementor-element-8698d03 elementor-widget elementor-widget-image\" data-id=\"8698d03\" data-element_type=\"widget\" data-widget_type=\"image.default\">\n\t\t\t\t<div class=\"elementor-widget-container\">\n\t\t\t\t\t\t\t\t\t\t\t\t\t\t\t<img decoding=\"async\" width=\"608\" height=\"413\" src=\"https:\/\/www.humanhelp.pl\/wp-content\/uploads\/2023\/07\/photo3.jpg\" class=\"attachment-large size-large wp-image-222\" alt=\"\" srcset=\"https:\/\/www.humanhelp.pl\/wp-content\/uploads\/2023\/07\/photo3.jpg 608w, https:\/\/www.humanhelp.pl\/wp-content\/uploads\/2023\/07\/photo3-300x204.jpg 300w\" sizes=\"(max-width: 608px) 100vw, 608px\" \/>\t\t\t\t\t\t\t\t\t\t\t\t\t\t\t<\/div>\n\t\t\t\t<\/div>\n\t\t\t\t<div class=\"elementor-element elementor-element-0dc75cf elementor-widget elementor-widget-spacer\" data-id=\"0dc75cf\" data-element_type=\"widget\" data-widget_type=\"spacer.default\">\n\t\t\t\t<div class=\"elementor-widget-container\">\n\t\t\t\t\t<div class=\"elementor-spacer\">\n\t\t\t<div class=\"elementor-spacer-inner\"><\/div>\n\t\t<\/div>\n\t\t\t\t<\/div>\n\t\t\t\t<\/div>\n\t\t\t\t\t<\/div>\n\t\t<\/div>\n\t\t\t\t<div class=\"elementor-column elementor-col-50 elementor-top-column elementor-element elementor-element-a99961c\" data-id=\"a99961c\" data-element_type=\"column\">\n\t\t\t<div class=\"elementor-widget-wrap elementor-element-populated\">\n\t\t\t\t\t\t\t\t<div class=\"elementor-element elementor-element-78470e7 elementor-widget elementor-widget-heading\" data-id=\"78470e7\" data-element_type=\"widget\" id=\"POMOC\" data-widget_type=\"heading.default\">\n\t\t\t\t<div class=\"elementor-widget-container\">\n\t\t\t<h5 class=\"elementor-heading-title elementor-size-default\">\u092e\u0915\u093e\u0928 \u0922\u0942\u0902\u0922\u0928\u0947 \u092e\u0947\u0902 \u092e\u0926\u0926<\/h5>\t\t<\/div>\n\t\t\t\t<\/div>\n\t\t\t\t<div class=\"elementor-element elementor-element-09c0313 elementor-widget elementor-widget-text-editor\" data-id=\"09c0313\" data-element_type=\"widget\" data-widget_type=\"text-editor.default\">\n\t\t\t\t<div class=\"elementor-widget-container\">\n\t\t\t\t\t\t\t<p>\u0939\u092e\u093e\u0930\u093e \u092b\u093e\u0909\u0902\u0921\u0947\u0936\u0928 \u092a\u0942\u0930\u0947 \u0926\u0947\u0936 \u092e\u0947\u0902 \u0909\u0928 \u090f\u091c\u0947\u0902\u0938\u0940 \u0915\u0947 \u0938\u093e\u0925 \u0915\u093e\u092e \u0915\u0930\u0924\u093e \u0939\u0948 \u091c\u093f\u0928\u0915\u0947 \u092a\u093e\u0938 \u0930\u0947\u0902\u091f \u092a\u0930 \u0926\u0947\u0928\u0947 \u0935\u093e\u0932\u0947 \u092e\u0915\u093e\u0928\u094b\u0902<br \/>\u0915\u0940 \u0932\u093f\u0938\u094d\u091f \u0939\u0948\u0964 \u0939\u092e \u0906\u092a\u0915\u0940 \u091c\u0930\u0942\u0930\u0924 \u0915\u0940 \u0939\u093f\u0938\u093e\u092c \u0938\u0947 \u090f\u0915 \u0938\u0939\u0940 \u091c\u0917\u0939 \u0922\u0942\u0902\u0922\u0928\u0947 \u092e\u0947\u0902 \u092e\u0926\u0926 \u0915\u0930\u0947\u0902\u0917\u0947 \u0914\u0930 \u0939\u092e \u0906\u092a\u0915\u0940<br \/>\u0938\u0941\u0930\u0915\u094d\u0937\u093f\u0924 \u0930\u093f\u0932\u094b\u0915\u0947\u0936\u0928 \u0915\u0947 \u0932\u093f\u090f \u091f\u094d\u0930\u093e\u0902\u0938\u092a\u094b\u0930\u094d\u091f \u0915\u0940 \u0935\u094d\u092f\u0935\u0938\u094d\u0925\u093e \u0915\u0930\u0947\u0902\u0917\u0947\u0964<\/p>\t\t\t\t\t\t<\/div>\n\t\t\t\t<\/div>\n\t\t\t\t<div class=\"elementor-element elementor-element-62d2d5f elementor-widget elementor-widget-heading\" data-id=\"62d2d5f\" data-element_type=\"widget\" id=\"WSPARCIE\" data-widget_type=\"heading.default\">\n\t\t\t\t<div class=\"elementor-widget-container\">\n\t\t\t<h5 class=\"elementor-heading-title elementor-size-default\">\u0926\u0948\u0928\u093f\u0915 \u091c\u0940\u0935\u0928 \u092e\u0947\u0902 \u0926\u0947\u0916\u092d\u093e\u0932 \u0914\u0930 \u0938\u0939\u093e\u092f\u0924\u093e<\/h5>\t\t<\/div>\n\t\t\t\t<\/div>\n\t\t\t\t<div class=\"elementor-element elementor-element-4cf7bda elementor-widget elementor-widget-text-editor\" data-id=\"4cf7bda\" data-element_type=\"widget\" data-widget_type=\"text-editor.default\">\n\t\t\t\t<div class=\"elementor-widget-container\">\n\t\t\t\t\t\t\t<p>\u0939\u092e\u093e\u0930\u093e \u092b\u093e\u0909\u0902\u0921\u0947\u0936\u0928 \u0939\u0930 \u0935\u094d\u092f\u0915\u094d\u0924\u093f \u0915\u0947 \u0938\u092e\u0938\u094d\u092f\u093e\u0913\u0902 \u0915\u094b \u0938\u0941\u0928\u0928\u0947 \u0915\u0947 \u0932\u093f\u090f \u0916\u0941\u0932\u093e \u0939\u0948 \u0914\u0930 \u091c\u0930\u0942\u0930\u0924\u092e\u0902\u0926 \u0932\u094b\u0917\u094b\u0902 \u0915\u0947\n\u0935\u0930\u094d\u0924\u092e\u093e\u0928 \u0938\u092e\u0938\u094d\u092f\u093e\u0913\u0902 \u0915\u094b \u0939\u0932 \u0915\u0930\u0928\u0947 \u092e\u0947\u0902 \u092e\u0926\u0926 \u0915\u0930\u0924\u093e \u0939\u0948\u0964 \u091c\u0930\u0942\u0930\u0924 \u0915\u0947 \u0938\u092e\u092f \u092e\u0947\u0902 \u0906\u092a\u0915\u094b \u092c\u0938 \u0939\u092e\u093e\u0930\u0947 \u092a\u094d\u0930\u0924\u093f\u0928\u093f\u0927\u093f\n\u0938\u0947 \u0938\u0902\u092a\u0930\u094d\u0915 \u0915\u0930\u0928\u093e \u0939\u0940 \u0915\u093e\u092b\u0940 \u0939\u094b\u0917\u093e \u0914\u0930 \u0935\u0939 \u0928\u093f\u0936\u094d\u091a\u093f\u0924 \u0930\u0942\u092a \u0938\u0947 \u0938\u0932\u093e\u0939 \u0926\u0947\u0902\u0917\u0947 \u0915\u093f \u0928\u0908 \u092a\u0930\u093f\u0938\u094d\u0925\u093f\u0924\u093f\u092f\u094b\u0902 \u092e\u0947\u0902 \u0915\u094d\u092f\u093e\n\u0915\u0930\u0928\u093e \u091a\u093e\u0939\u093f\u090f\u0964<\/p>\t\t\t\t\t\t<\/div>\n\t\t\t\t<\/div>\n\t\t\t\t\t<\/div>\n\t\t<\/div>\n\t\t\t\t\t\t\t<\/div>\n\t\t<\/section>\n\t\t\t\t\t\t\t<\/div>","protected":false},"excerpt":{"rendered":"<p>Oferujemy Wiemy, \u017ce zaklimatyzowanie si\u0119 w nowym miejscu bywa bardzo trudne i stresuj\u0105ce. Dlatego nasi opiekunowie pomog\u0105 w odnalezieniu si\u0119 w nowej sytuacji poprzez zapewnienie m.in. pomocy w znalezieniu nowego miejsca zamieszkania, zapewnieniu szkole\u0144 czy po prostu w zwyk\u0142ym, codziennym wsparciu jak przyjaciel przyjacielowi. SZKOLENIA ZAWODOWE Fundacja zapewnia kompleksowe szkolenia, kt\u00f3re pomog\u0105 w p\u0142ynnym zaadoptowaniu [&hellip;]<\/p>","protected":false},"author":1,"featured_media":0,"parent":0,"menu_order":0,"comment_status":"closed","ping_status":"closed","template":"","meta":{"footnotes":""},"class_list":["post-106","page","type-page","status-publish","hentry"],"_links":{"self":[{"href":"https:\/\/www.humanhelp.pl\/hi\/wp-json\/wp\/v2\/pages\/106","targetHints":{"allow":["GET"]}}],"collection":[{"href":"https:\/\/www.humanhelp.pl\/hi\/wp-json\/wp\/v2\/pages"}],"about":[{"href":"https:\/\/www.humanhelp.pl\/hi\/wp-json\/wp\/v2\/types\/page"}],"author":[{"embeddable":true,"href":"https:\/\/www.humanhelp.pl\/hi\/wp-json\/wp\/v2\/users\/1"}],"replies":[{"embeddable":true,"href":"https:\/\/www.humanhelp.pl\/hi\/wp-json\/wp\/v2\/comments?post=106"}],"version-history":[{"count":0,"href":"https:\/\/www.humanhelp.pl\/hi\/wp-json\/wp\/v2\/pages\/106\/revisions"}],"wp:attachment":[{"href":"https:\/\/www.humanhelp.pl\/hi\/wp-json\/wp\/v2\/media?parent=106"}],"curies":[{"name":"wp","href":"https:\/\/api.w.org\/{rel}","templated":true}]}}