{"id":111,"date":"2023-07-09T20:02:22","date_gmt":"2023-07-09T20:02:22","guid":{"rendered":"http:\/\/www.humanhelp.pl\/?page_id=111"},"modified":"2023-07-12T20:50:40","modified_gmt":"2023-07-12T20:50:40","slug":"wskazowki","status":"publish","type":"page","link":"https:\/\/www.humanhelp.pl\/hi\/wskazowki\/","title":{"rendered":"\u0938\u0932\u093e\u0939"},"content":{"rendered":"<div data-elementor-type=\"wp-page\" data-elementor-id=\"111\" class=\"elementor elementor-111\" data-elementor-post-type=\"page\">\n\t\t\t\t\t\t\t\t\t<section class=\"elementor-section elementor-top-section elementor-element elementor-element-b9b7a11 elementor-section-full_width elementor-section-height-min-height elementor-section-items-stretch elementor-section-content-bottom elementor-section-height-default\" data-id=\"b9b7a11\" data-element_type=\"section\">\n\t\t\t\t\t\t<div class=\"elementor-container elementor-column-gap-no\">\n\t\t\t\t\t<div class=\"elementor-column elementor-col-50 elementor-top-column elementor-element elementor-element-d6051fd\" data-id=\"d6051fd\" data-element_type=\"column\" data-settings=\"{&quot;background_background&quot;:&quot;classic&quot;}\">\n\t\t\t<div class=\"elementor-widget-wrap elementor-element-populated\">\n\t\t\t\t\t\t\t\t<div class=\"elementor-element elementor-element-e68c7b1 elementor-widget elementor-widget-heading\" data-id=\"e68c7b1\" data-element_type=\"widget\" data-widget_type=\"heading.default\">\n\t\t\t\t<div class=\"elementor-widget-container\">\n\t\t\t<style>\/*! elementor - v3.14.0 - 26-06-2023 *\/\n.elementor-heading-title{padding:0;margin:0;line-height:1}.elementor-widget-heading .elementor-heading-title[class*=elementor-size-]>a{color:inherit;font-size:inherit;line-height:inherit}.elementor-widget-heading .elementor-heading-title.elementor-size-small{font-size:15px}.elementor-widget-heading .elementor-heading-title.elementor-size-medium{font-size:19px}.elementor-widget-heading .elementor-heading-title.elementor-size-large{font-size:29px}.elementor-widget-heading .elementor-heading-title.elementor-size-xl{font-size:39px}.elementor-widget-heading .elementor-heading-title.elementor-size-xxl{font-size:59px}<\/style><h1 class=\"elementor-heading-title elementor-size-default\">\u0938\u0932\u093e\u0939<\/h1>\t\t<\/div>\n\t\t\t\t<\/div>\n\t\t\t\t<div class=\"elementor-element elementor-element-f2daa98 elementor-widget elementor-widget-heading\" data-id=\"f2daa98\" data-element_type=\"widget\" data-widget_type=\"heading.default\">\n\t\t\t\t<div class=\"elementor-widget-container\">\n\t\t\t<h6 class=\"elementor-heading-title elementor-size-default\">Nie wiesz jak podr\u00f3\u017cowa\u0107 po Polsce albo gdzie za\u0142atwi\u0107 sprawy urz\u0119dowe? Poni\u017cej\nznajdziesz odno\u015bniki do przydatnych stron internetowych.\nJe\u017celi potrzebujesz pomocy skontaktuj si\u0119 z opiekunem.<\/h6>\t\t<\/div>\n\t\t\t\t<\/div>\n\t\t\t\t\t<\/div>\n\t\t<\/div>\n\t\t\t\t<div class=\"elementor-column elementor-col-25 elementor-top-column elementor-element elementor-element-6db50af\" data-id=\"6db50af\" data-element_type=\"column\">\n\t\t\t<div class=\"elementor-widget-wrap elementor-element-populated\">\n\t\t\t\t\t\t\t\t<div class=\"elementor-element elementor-element-87937c3 elementor-widget elementor-widget-image\" data-id=\"87937c3\" data-element_type=\"widget\" data-widget_type=\"image.default\">\n\t\t\t\t<div class=\"elementor-widget-container\">\n\t\t\t<style>\/*! elementor - v3.14.0 - 26-06-2023 *\/\n.elementor-widget-image{text-align:center}.elementor-widget-image a{display:inline-block}.elementor-widget-image a img[src$=\".svg\"]{width:48px}.elementor-widget-image img{vertical-align:middle;display:inline-block}<\/style>\t\t\t\t\t\t\t\t\t\t\t\t<img decoding=\"async\" width=\"789\" height=\"485\" src=\"https:\/\/www.humanhelp.pl\/wp-content\/uploads\/2023\/07\/way.jpg\" class=\"attachment-full size-full wp-image-241\" alt=\"\" srcset=\"https:\/\/www.humanhelp.pl\/wp-content\/uploads\/2023\/07\/way.jpg 789w, https:\/\/www.humanhelp.pl\/wp-content\/uploads\/2023\/07\/way-300x184.jpg 300w, https:\/\/www.humanhelp.pl\/wp-content\/uploads\/2023\/07\/way-768x472.jpg 768w\" sizes=\"(max-width: 789px) 100vw, 789px\" \/>\t\t\t\t\t\t\t\t\t\t\t\t\t\t\t<\/div>\n\t\t\t\t<\/div>\n\t\t\t\t\t<\/div>\n\t\t<\/div>\n\t\t\t\t<div class=\"elementor-column elementor-col-25 elementor-top-column elementor-element elementor-element-864292d\" data-id=\"864292d\" data-element_type=\"column\">\n\t\t\t<div class=\"elementor-widget-wrap elementor-element-populated\">\n\t\t\t\t\t\t\t\t<div class=\"elementor-element elementor-element-d78835a elementor-widget-mobile__width-initial animated-slow elementor-widget-tablet__width-initial elementor-invisible elementor-widget elementor-widget-spacer\" data-id=\"d78835a\" data-element_type=\"widget\" data-settings=\"{&quot;_animation&quot;:&quot;fadeInRight&quot;}\" data-widget_type=\"spacer.default\">\n\t\t\t\t<div class=\"elementor-widget-container\">\n\t\t\t<style>\/*! elementor - v3.14.0 - 26-06-2023 *\/\n.elementor-column .elementor-spacer-inner{height:var(--spacer-size)}.e-con{--container-widget-width:100%}.e-con-inner>.elementor-widget-spacer,.e-con>.elementor-widget-spacer{width:var(--container-widget-width,var(--spacer-size));--align-self:var(--container-widget-align-self,initial);--flex-shrink:0}.e-con-inner>.elementor-widget-spacer>.elementor-widget-container,.e-con-inner>.elementor-widget-spacer>.elementor-widget-container>.elementor-spacer,.e-con>.elementor-widget-spacer>.elementor-widget-container,.e-con>.elementor-widget-spacer>.elementor-widget-container>.elementor-spacer{height:100%}.e-con-inner>.elementor-widget-spacer>.elementor-widget-container>.elementor-spacer>.elementor-spacer-inner,.e-con>.elementor-widget-spacer>.elementor-widget-container>.elementor-spacer>.elementor-spacer-inner{height:var(--container-widget-height,var(--spacer-size))}<\/style>\t\t<div class=\"elementor-spacer\">\n\t\t\t<div class=\"elementor-spacer-inner\"><\/div>\n\t\t<\/div>\n\t\t\t\t<\/div>\n\t\t\t\t<\/div>\n\t\t\t\t\t<\/div>\n\t\t<\/div>\n\t\t\t\t\t\t\t<\/div>\n\t\t<\/section>\n\t\t\t\t<section class=\"elementor-section elementor-top-section elementor-element elementor-element-fd0602e elementor-section-full_width elementor-reverse-tablet elementor-reverse-mobile elementor-section-height-default elementor-section-height-default\" data-id=\"fd0602e\" data-element_type=\"section\">\n\t\t\t\t\t\t<div class=\"elementor-container elementor-column-gap-no\">\n\t\t\t\t\t<div class=\"elementor-column elementor-col-50 elementor-top-column elementor-element elementor-element-ff482fc\" data-id=\"ff482fc\" data-element_type=\"column\">\n\t\t\t<div class=\"elementor-widget-wrap elementor-element-populated\">\n\t\t\t\t\t\t\t\t<div class=\"elementor-element elementor-element-20a7624 elementor-widget elementor-widget-heading\" data-id=\"20a7624\" data-element_type=\"widget\" data-widget_type=\"heading.default\">\n\t\t\t\t<div class=\"elementor-widget-container\">\n\t\t\t<h5 class=\"elementor-heading-title elementor-size-default\">JAK PODR\u00d3\u017bOWA\u0106 PO POLSCE?<\/h5>\t\t<\/div>\n\t\t\t\t<\/div>\n\t\t\t\t<div class=\"elementor-element elementor-element-73bb955 elementor-widget elementor-widget-text-editor\" data-id=\"73bb955\" data-element_type=\"widget\" data-widget_type=\"text-editor.default\">\n\t\t\t\t<div class=\"elementor-widget-container\">\n\t\t\t<style>\/*! elementor - v3.14.0 - 26-06-2023 *\/\n.elementor-widget-text-editor.elementor-drop-cap-view-stacked .elementor-drop-cap{background-color:#69727d;color:#fff}.elementor-widget-text-editor.elementor-drop-cap-view-framed .elementor-drop-cap{color:#69727d;border:3px solid;background-color:transparent}.elementor-widget-text-editor:not(.elementor-drop-cap-view-default) .elementor-drop-cap{margin-top:8px}.elementor-widget-text-editor:not(.elementor-drop-cap-view-default) .elementor-drop-cap-letter{width:1em;height:1em}.elementor-widget-text-editor .elementor-drop-cap{float:left;text-align:center;line-height:1;font-size:50px}.elementor-widget-text-editor .elementor-drop-cap-letter{display:inline-block}<\/style>\t\t\t\t<p><strong>POCI\u0104GIEM<\/strong> <a href=\"https:\/\/www.intercity.pl\/\">https:\/\/www.intercity.pl\/<\/a><br \/>UBEREM <a href=\"https:\/\/www.uber.com\/pl\/pl\/\">https:\/\/www.uber.com\/pl\/pl\/<\/a><br \/>AUTOBUSAMI <a href=\"https:\/\/www.e-podroznik.pl\/\">https:\/\/www.e-podroznik.pl\/<\/a><\/p>\t\t\t\t\t\t<\/div>\n\t\t\t\t<\/div>\n\t\t\t\t<div class=\"elementor-element elementor-element-1535768 elementor-widget elementor-widget-heading\" data-id=\"1535768\" data-element_type=\"widget\" data-widget_type=\"heading.default\">\n\t\t\t\t<div class=\"elementor-widget-container\">\n\t\t\t<h5 class=\"elementor-heading-title elementor-size-default\">GDZIE SZUKA\u0106 PRACY?<\/h5>\t\t<\/div>\n\t\t\t\t<\/div>\n\t\t\t\t<div class=\"elementor-element elementor-element-0c2344d elementor-widget elementor-widget-text-editor\" data-id=\"0c2344d\" data-element_type=\"widget\" data-widget_type=\"text-editor.default\">\n\t\t\t\t<div class=\"elementor-widget-container\">\n\t\t\t\t\t\t\t<p>Platforma pracuj.pl <a href=\"https:\/\/www.pracuj.pl\/\">https:\/\/www.pracuj.pl\/<\/a><br \/>Platforma OLX <a href=\"https:\/\/www.olx.pl\/\">https:\/\/www.olx.pl\/<\/a><br \/>Agencja Pracy Tymczasowej Partner <a href=\"https:\/\/www.partnerpraca.pl\">https:\/\/www.partnerpraca.pl<\/a><\/p>\t\t\t\t\t\t<\/div>\n\t\t\t\t<\/div>\n\t\t\t\t<div class=\"elementor-element elementor-element-72e4e16 elementor-widget elementor-widget-heading\" data-id=\"72e4e16\" data-element_type=\"widget\" data-widget_type=\"heading.default\">\n\t\t\t\t<div class=\"elementor-widget-container\">\n\t\t\t<h5 class=\"elementor-heading-title elementor-size-default\">KONTAKT Z URZ\u0118DEM<\/h5>\t\t<\/div>\n\t\t\t\t<\/div>\n\t\t\t\t<div class=\"elementor-element elementor-element-a8050d9 elementor-widget elementor-widget-text-editor\" data-id=\"a8050d9\" data-element_type=\"widget\" data-widget_type=\"text-editor.default\">\n\t\t\t\t<div class=\"elementor-widget-container\">\n\t\t\t\t\t\t\t<p>\u00a0Urz\u0105d do spraw cudzoziemc\u00f3w <a href=\"https:\/\/www.gov.pl\/web\/udsc\/urzad-do-spraw-cudzoziemcow\">https:\/\/www.gov.pl\/web\/udsc\/urzad-do-spraw-cudzoziemcow<\/a><\/p>\t\t\t\t\t\t<\/div>\n\t\t\t\t<\/div>\n\t\t\t\t\t<\/div>\n\t\t<\/div>\n\t\t\t\t<div class=\"elementor-column elementor-col-50 elementor-top-column elementor-element elementor-element-3f22de4\" data-id=\"3f22de4\" data-element_type=\"column\" data-settings=\"{&quot;background_background&quot;:&quot;classic&quot;}\">\n\t\t\t<div class=\"elementor-widget-wrap elementor-element-populated\">\n\t\t\t\t\t\t\t\t<div class=\"elementor-element elementor-element-f4d9698 elementor-widget elementor-widget-spacer\" data-id=\"f4d9698\" data-element_type=\"widget\" data-widget_type=\"spacer.default\">\n\t\t\t\t<div class=\"elementor-widget-container\">\n\t\t\t\t\t<div class=\"elementor-spacer\">\n\t\t\t<div class=\"elementor-spacer-inner\"><\/div>\n\t\t<\/div>\n\t\t\t\t<\/div>\n\t\t\t\t<\/div>\n\t\t\t\t\t<\/div>\n\t\t<\/div>\n\t\t\t\t\t\t\t<\/div>\n\t\t<\/section>\n\t\t\t\t\t\t\t<\/div>","protected":false},"excerpt":{"rendered":"<p>Wskaz\u00f3wki Nie wiesz jak podr\u00f3\u017cowa\u0107 po Polsce albo gdzie za\u0142atwi\u0107 sprawy urz\u0119dowe? Poni\u017cej znajdziesz odno\u015bniki do przydatnych stron internetowych. Je\u017celi potrzebujesz pomocy skontaktuj si\u0119 z opiekunem. JAK PODR\u00d3\u017bOWA\u0106 PO POLSCE? POCI\u0104GIEM https:\/\/www.intercity.pl\/UBEREM https:\/\/www.uber.com\/pl\/pl\/AUTOBUSAMI https:\/\/www.e-podroznik.pl\/ GDZIE SZUKA\u0106 PRACY? Platforma pracuj.pl https:\/\/www.pracuj.pl\/Platforma OLX https:\/\/www.olx.pl\/Agencja Pracy Tymczasowej Partner https:\/\/www.partnerpraca.pl KONTAKT Z URZ\u0118DEM \u00a0Urz\u0105d do spraw cudzoziemc\u00f3w https:\/\/www.gov.pl\/web\/udsc\/urzad-do-spraw-cudzoziemcow<\/p>","protected":false},"author":1,"featured_media":0,"parent":0,"menu_order":0,"comment_status":"closed","ping_status":"closed","template":"","meta":{"footnotes":""},"class_list":["post-111","page","type-page","status-publish","hentry"],"_links":{"self":[{"href":"https:\/\/www.humanhelp.pl\/hi\/wp-json\/wp\/v2\/pages\/111","targetHints":{"allow":["GET"]}}],"collection":[{"href":"https:\/\/www.humanhelp.pl\/hi\/wp-json\/wp\/v2\/pages"}],"about":[{"href":"https:\/\/www.humanhelp.pl\/hi\/wp-json\/wp\/v2\/types\/page"}],"author":[{"embeddable":true,"href":"https:\/\/www.humanhelp.pl\/hi\/wp-json\/wp\/v2\/users\/1"}],"replies":[{"embeddable":true,"href":"https:\/\/www.humanhelp.pl\/hi\/wp-json\/wp\/v2\/comments?post=111"}],"version-history":[{"count":0,"href":"https:\/\/www.humanhelp.pl\/hi\/wp-json\/wp\/v2\/pages\/111\/revisions"}],"wp:attachment":[{"href":"https:\/\/www.humanhelp.pl\/hi\/wp-json\/wp\/v2\/media?parent=111"}],"curies":[{"name":"wp","href":"https:\/\/api.w.org\/{rel}","templated":true}]}}