{"id":106,"date":"2023-07-09T20:01:54","date_gmt":"2023-07-09T20:01:54","guid":{"rendered":"http:\/\/www.humanhelp.pl\/?page_id=106"},"modified":"2023-07-18T19:00:14","modified_gmt":"2023-07-18T19:00:14","slug":"oferujemy","status":"publish","type":"page","link":"https:\/\/www.humanhelp.pl\/uk\/oferujemy\/","title":{"rendered":"\u041f\u0440\u043e\u043f\u043e\u043d\u0443\u0454\u043c\u043e"},"content":{"rendered":"<div data-elementor-type=\"wp-page\" data-elementor-id=\"106\" class=\"elementor elementor-106\" data-elementor-post-type=\"page\">\n\t\t\t\t\t\t\t\t\t<section class=\"elementor-section elementor-top-section elementor-element elementor-element-c2b1d05 elementor-section-full_width elementor-section-height-min-height elementor-section-items-stretch elementor-section-content-bottom elementor-section-height-default\" data-id=\"c2b1d05\" data-element_type=\"section\">\n\t\t\t\t\t\t<div class=\"elementor-container elementor-column-gap-no\">\n\t\t\t\t\t<div class=\"elementor-column elementor-col-50 elementor-top-column elementor-element elementor-element-abc8f01\" data-id=\"abc8f01\" data-element_type=\"column\" data-settings=\"{&quot;background_background&quot;:&quot;classic&quot;}\">\n\t\t\t<div class=\"elementor-widget-wrap elementor-element-populated\">\n\t\t\t\t\t\t\t\t<div class=\"elementor-element elementor-element-e0ef8b1 elementor-widget elementor-widget-heading\" data-id=\"e0ef8b1\" data-element_type=\"widget\" data-widget_type=\"heading.default\">\n\t\t\t\t<div class=\"elementor-widget-container\">\n\t\t\t<style>\/*! elementor - v3.14.0 - 26-06-2023 *\/\n.elementor-heading-title{padding:0;margin:0;line-height:1}.elementor-widget-heading .elementor-heading-title[class*=elementor-size-]>a{color:inherit;font-size:inherit;line-height:inherit}.elementor-widget-heading .elementor-heading-title.elementor-size-small{font-size:15px}.elementor-widget-heading .elementor-heading-title.elementor-size-medium{font-size:19px}.elementor-widget-heading .elementor-heading-title.elementor-size-large{font-size:29px}.elementor-widget-heading .elementor-heading-title.elementor-size-xl{font-size:39px}.elementor-widget-heading .elementor-heading-title.elementor-size-xxl{font-size:59px}<\/style><h1 class=\"elementor-heading-title elementor-size-default\">\u041f\u0440\u043e\u043f\u043e\u043d\u0443\u0454\u043c\u043e<\/h1>\t\t<\/div>\n\t\t\t\t<\/div>\n\t\t\t\t<div class=\"elementor-element elementor-element-e22e8f5 elementor-widget elementor-widget-heading\" data-id=\"e22e8f5\" data-element_type=\"widget\" data-widget_type=\"heading.default\">\n\t\t\t\t<div class=\"elementor-widget-container\">\n\t\t\t<h6 class=\"elementor-heading-title elementor-size-default\">\u041c\u0438 \u0437\u043d\u0430\u0454\u043c\u043e, \u0449\u043e \u0430\u0434\u0430\u043f\u0442\u0430\u0446\u0456\u044f \u0434\u043e \u043d\u043e\u0432\u043e\u0433\u043e \u043c\u0456\u0441\u0446\u044f \u043c\u043e\u0436\u0435 \u0431\u0443\u0442\u0438 \u0434\u0443\u0436\u0435 \u0432\u0430\u0436\u043a\u043e\u044e \u0442\u0430 \u0441\u0442\u0440\u0435\u0441\u043e\u0432\u043e\u044e. \u041e\u0441\u044c\n\u0447\u043e\u043c\u0443 \u043d\u0430\u0448\u0456 \u043a\u043e\u043d\u0441\u0443\u043b\u044c\u0442\u0430\u043d\u0442\u0438 \u0434\u043e\u043f\u043e\u043c\u043e\u0436\u0443\u0442\u044c \u0432\u0430\u043c \u0437\u043d\u0430\u0439\u0442\u0438 \u0441\u0435\u0431\u0435 \u0432 \u043d\u043e\u0432\u0456\u0439 \u0441\u0438\u0442\u0443\u0430\u0446\u0456\u0457, \u043d\u0430\u0434\u0430\u0432\u0448\u0438 \u0441\u0435\u0440\u0435\u0434\n\u0456\u043d\u0448\u043e\u0433\u043e \u0434\u043e\u043f\u043e\u043c\u043e\u0433\u0443 \u0432 \u043f\u043e\u0448\u0443\u043a\u0443 \u043d\u043e\u0432\u043e\u0433\u043e \u043c\u0456\u0441\u0446\u044f \u043f\u0440\u043e\u0436\u0438\u0432\u0430\u043d\u043d\u044f, \u043d\u0430\u0432\u0447\u0430\u043d\u043d\u044f \u0430\u0431\u043e \u043f\u0440\u043e\u0441\u0442\u043e \u0443 \u0437\u0432\u0438\u0447\u0430\u0439\u043d\u0456\u0439,\n\u043f\u043e\u0432\u0441\u044f\u043a\u0434\u0435\u043d\u043d\u0456\u0439 \u043f\u0456\u0434\u0442\u0440\u0438\u043c\u0446\u0456 \u044f\u043a \u0434\u0440\u0443\u0433\u0443.<\/h6>\t\t<\/div>\n\t\t\t\t<\/div>\n\t\t\t\t\t<\/div>\n\t\t<\/div>\n\t\t\t\t<div class=\"elementor-column elementor-col-25 elementor-top-column elementor-element elementor-element-44149c8\" data-id=\"44149c8\" data-element_type=\"column\">\n\t\t\t<div class=\"elementor-widget-wrap elementor-element-populated\">\n\t\t\t\t\t\t\t\t<div class=\"elementor-element elementor-element-437c6fc elementor-widget__width-initial elementor-widget elementor-widget-image\" data-id=\"437c6fc\" data-element_type=\"widget\" data-widget_type=\"image.default\">\n\t\t\t\t<div class=\"elementor-widget-container\">\n\t\t\t<style>\/*! elementor - v3.14.0 - 26-06-2023 *\/\n.elementor-widget-image{text-align:center}.elementor-widget-image a{display:inline-block}.elementor-widget-image a img[src$=\".svg\"]{width:48px}.elementor-widget-image img{vertical-align:middle;display:inline-block}<\/style>\t\t\t\t\t\t\t\t\t\t\t\t<img decoding=\"async\" width=\"789\" height=\"485\" src=\"https:\/\/www.humanhelp.pl\/wp-content\/uploads\/2023\/07\/Bez-nazwy-1.jpg\" class=\"attachment-full size-full wp-image-220\" alt=\"\" srcset=\"https:\/\/www.humanhelp.pl\/wp-content\/uploads\/2023\/07\/Bez-nazwy-1.jpg 789w, https:\/\/www.humanhelp.pl\/wp-content\/uploads\/2023\/07\/Bez-nazwy-1-300x184.jpg 300w, https:\/\/www.humanhelp.pl\/wp-content\/uploads\/2023\/07\/Bez-nazwy-1-768x472.jpg 768w\" sizes=\"(max-width: 789px) 100vw, 789px\" \/>\t\t\t\t\t\t\t\t\t\t\t\t\t\t\t<\/div>\n\t\t\t\t<\/div>\n\t\t\t\t\t<\/div>\n\t\t<\/div>\n\t\t\t\t<div class=\"elementor-column elementor-col-25 elementor-top-column elementor-element elementor-element-bcc6737\" data-id=\"bcc6737\" data-element_type=\"column\">\n\t\t\t<div class=\"elementor-widget-wrap elementor-element-populated\">\n\t\t\t\t\t\t\t\t<div class=\"elementor-element elementor-element-d3ed125 elementor-widget-mobile__width-initial animated-slow elementor-widget-tablet__width-initial elementor-invisible elementor-widget elementor-widget-spacer\" data-id=\"d3ed125\" data-element_type=\"widget\" data-settings=\"{&quot;_animation&quot;:&quot;fadeInRight&quot;}\" data-widget_type=\"spacer.default\">\n\t\t\t\t<div class=\"elementor-widget-container\">\n\t\t\t<style>\/*! elementor - v3.14.0 - 26-06-2023 *\/\n.elementor-column .elementor-spacer-inner{height:var(--spacer-size)}.e-con{--container-widget-width:100%}.e-con-inner>.elementor-widget-spacer,.e-con>.elementor-widget-spacer{width:var(--container-widget-width,var(--spacer-size));--align-self:var(--container-widget-align-self,initial);--flex-shrink:0}.e-con-inner>.elementor-widget-spacer>.elementor-widget-container,.e-con-inner>.elementor-widget-spacer>.elementor-widget-container>.elementor-spacer,.e-con>.elementor-widget-spacer>.elementor-widget-container,.e-con>.elementor-widget-spacer>.elementor-widget-container>.elementor-spacer{height:100%}.e-con-inner>.elementor-widget-spacer>.elementor-widget-container>.elementor-spacer>.elementor-spacer-inner,.e-con>.elementor-widget-spacer>.elementor-widget-container>.elementor-spacer>.elementor-spacer-inner{height:var(--container-widget-height,var(--spacer-size))}<\/style>\t\t<div class=\"elementor-spacer\">\n\t\t\t<div class=\"elementor-spacer-inner\"><\/div>\n\t\t<\/div>\n\t\t\t\t<\/div>\n\t\t\t\t<\/div>\n\t\t\t\t\t<\/div>\n\t\t<\/div>\n\t\t\t\t\t\t\t<\/div>\n\t\t<\/section>\n\t\t\t\t<section class=\"elementor-section elementor-top-section elementor-element elementor-element-7dfafc9 elementor-section-full_width elementor-reverse-tablet elementor-reverse-mobile elementor-section-height-default elementor-section-height-default\" data-id=\"7dfafc9\" data-element_type=\"section\">\n\t\t\t\t\t\t<div class=\"elementor-container elementor-column-gap-no\">\n\t\t\t\t\t<div class=\"elementor-column elementor-col-50 elementor-top-column elementor-element elementor-element-26f44ed\" data-id=\"26f44ed\" data-element_type=\"column\">\n\t\t\t<div class=\"elementor-widget-wrap elementor-element-populated\">\n\t\t\t\t\t\t\t\t<div class=\"elementor-element elementor-element-beeb7d8 elementor-widget elementor-widget-heading\" data-id=\"beeb7d8\" data-element_type=\"widget\" id=\"SZKOLENIAZAWODOWE\u200b\" data-widget_type=\"heading.default\">\n\t\t\t\t<div class=\"elementor-widget-container\">\n\t\t\t<h5 class=\"elementor-heading-title elementor-size-default\">\u041f\u0420\u041e\u0424\u0415\u0421\u0406\u0419\u041d\u0406 \u041a\u0423\u0420\u0421\u0418<\/h5>\t\t<\/div>\n\t\t\t\t<\/div>\n\t\t\t\t<div class=\"elementor-element elementor-element-0fb11dd elementor-widget elementor-widget-text-editor\" data-id=\"0fb11dd\" data-element_type=\"widget\" data-widget_type=\"text-editor.default\">\n\t\t\t\t<div class=\"elementor-widget-container\">\n\t\t\t<style>\/*! elementor - v3.14.0 - 26-06-2023 *\/\n.elementor-widget-text-editor.elementor-drop-cap-view-stacked .elementor-drop-cap{background-color:#69727d;color:#fff}.elementor-widget-text-editor.elementor-drop-cap-view-framed .elementor-drop-cap{color:#69727d;border:3px solid;background-color:transparent}.elementor-widget-text-editor:not(.elementor-drop-cap-view-default) .elementor-drop-cap{margin-top:8px}.elementor-widget-text-editor:not(.elementor-drop-cap-view-default) .elementor-drop-cap-letter{width:1em;height:1em}.elementor-widget-text-editor .elementor-drop-cap{float:left;text-align:center;line-height:1;font-size:50px}.elementor-widget-text-editor .elementor-drop-cap-letter{display:inline-block}<\/style>\t\t\t\t<p>\u0424\u043e\u043d\u0434 \u043f\u0440\u043e\u0432\u043e\u0434\u0438\u0442\u044c \u043a\u043e\u043c\u043f\u043b\u0435\u043a\u0441\u043d\u0435 \u043d\u0430\u0432\u0447\u0430\u043d\u043d\u044f, \u044f\u043a\u0435 \u0434\u043e\u043f\u043e\u043c\u043e\u0436\u0435 \u0432\u0430\u043c \u043f\u043b\u0430\u0432\u043d\u043e \u0430\u0434\u0430\u043f\u0442\u0443\u0432\u0430\u0442\u0438\u0441\u044f \u0432\n\u041f\u043e\u043b\u044c\u0449\u0456 .<br \/>\u041c\u0438 \u043f\u0440\u043e\u0432\u043e\u0434\u0438\u043c\u043e \u043a\u0443\u0440\u0441\u0438, \u0441\u0435\u0440\u0435\u0434 \u0456\u043d\u0448\u043e\u0433\u043e \u0443 \u0441\u0444\u0435\u0440\u0456 \u0435\u0444\u0435\u043a\u0442\u0438\u0432\u043d\u043e\u0433\u043e \u043f\u043e\u0448\u0443\u043a\u0443 \u0440\u043e\u0431\u043e\u0442\u0438 \u0442\u0430\n\u043f\u0440\u0430\u0446\u0435\u0432\u043b\u0430\u0448\u0442\u0443\u0432\u0430\u043d\u043d\u044f.<\/p>\t\t\t\t\t\t<\/div>\n\t\t\t\t<\/div>\n\t\t\t\t<div class=\"elementor-element elementor-element-3599ef1 elementor-widget elementor-widget-heading\" data-id=\"3599ef1\" data-element_type=\"widget\" id=\"POLSKIEGO\" data-widget_type=\"heading.default\">\n\t\t\t\t<div class=\"elementor-widget-container\">\n\t\t\t<h5 class=\"elementor-heading-title elementor-size-default\">\u0412\u0418\u0412\u0427\u0415\u041d\u041d\u042f \u041f\u041e\u041b\u042c\u0421\u042c\u041a\u041e\u0407 \u041c\u041e\u0412\u0418<\/h5>\t\t<\/div>\n\t\t\t\t<\/div>\n\t\t\t\t<div class=\"elementor-element elementor-element-e3a80c8 elementor-widget elementor-widget-text-editor\" data-id=\"e3a80c8\" data-element_type=\"widget\" data-widget_type=\"text-editor.default\">\n\t\t\t\t<div class=\"elementor-widget-container\">\n\t\t\t\t\t\t\t<p>\u041c\u0438 \u0431\u0443\u0434\u0435\u043c\u043e \u0440\u0430\u0434\u0456 \u0434\u043e\u043f\u043e\u043c\u043e\u0433\u0442\u0438 \u0432\u0430\u043c \u0443 \u0432\u0438\u0432\u0447\u0435\u043d\u043d\u0456 \u043f\u043e\u043b\u044c\u0441\u044c\u043a\u043e\u0457 \u043c\u043e\u0432\u0438, \u043d\u0430\u0434\u0430\u0432\u0448\u0438 \u0432\u0456\u0434\u043f\u043e\u0432\u0456\u0434\u043d\u0456\n\u043c\u0430\u0442\u0435\u0440\u0456\u0430\u043b\u0438. \u0410 \u0442\u0430\u043a\u043e\u0436 \u0443 \u043f\u043e\u0434\u043e\u043b\u0430\u043d\u043d\u0456 \u043c\u043e\u0432\u043d\u043e\u0433\u043e \u0431\u0430\u0440\u2019\u0454\u0440\u0443.<\/p>\t\t\t\t\t\t<\/div>\n\t\t\t\t<\/div>\n\t\t\t\t\t<\/div>\n\t\t<\/div>\n\t\t\t\t<div class=\"elementor-column elementor-col-50 elementor-top-column elementor-element elementor-element-03bcfb6\" data-id=\"03bcfb6\" data-element_type=\"column\" data-settings=\"{&quot;background_background&quot;:&quot;classic&quot;}\">\n\t\t\t<div class=\"elementor-widget-wrap elementor-element-populated\">\n\t\t\t\t\t\t\t\t<div class=\"elementor-element elementor-element-857b343 elementor-widget elementor-widget-image\" data-id=\"857b343\" data-element_type=\"widget\" data-widget_type=\"image.default\">\n\t\t\t\t<div class=\"elementor-widget-container\">\n\t\t\t\t\t\t\t\t\t\t\t\t\t\t\t<img decoding=\"async\" width=\"608\" height=\"413\" src=\"https:\/\/www.humanhelp.pl\/wp-content\/uploads\/2023\/07\/photo2.jpg\" class=\"attachment-large size-large wp-image-221\" alt=\"\" srcset=\"https:\/\/www.humanhelp.pl\/wp-content\/uploads\/2023\/07\/photo2.jpg 608w, https:\/\/www.humanhelp.pl\/wp-content\/uploads\/2023\/07\/photo2-300x204.jpg 300w\" sizes=\"(max-width: 608px) 100vw, 608px\" \/>\t\t\t\t\t\t\t\t\t\t\t\t\t\t\t<\/div>\n\t\t\t\t<\/div>\n\t\t\t\t<div class=\"elementor-element elementor-element-85b4c71 elementor-widget elementor-widget-spacer\" data-id=\"85b4c71\" data-element_type=\"widget\" data-widget_type=\"spacer.default\">\n\t\t\t\t<div class=\"elementor-widget-container\">\n\t\t\t\t\t<div class=\"elementor-spacer\">\n\t\t\t<div class=\"elementor-spacer-inner\"><\/div>\n\t\t<\/div>\n\t\t\t\t<\/div>\n\t\t\t\t<\/div>\n\t\t\t\t\t<\/div>\n\t\t<\/div>\n\t\t\t\t\t\t\t<\/div>\n\t\t<\/section>\n\t\t\t\t<section class=\"elementor-section elementor-top-section elementor-element elementor-element-3578493 elementor-section-full_width elementor-section-height-default elementor-section-height-default\" data-id=\"3578493\" data-element_type=\"section\">\n\t\t\t\t\t\t<div class=\"elementor-container elementor-column-gap-no\">\n\t\t\t\t\t<div class=\"elementor-column elementor-col-50 elementor-top-column elementor-element elementor-element-409f1e9\" data-id=\"409f1e9\" data-element_type=\"column\" data-settings=\"{&quot;background_background&quot;:&quot;classic&quot;}\">\n\t\t\t<div class=\"elementor-widget-wrap elementor-element-populated\">\n\t\t\t\t\t\t\t\t<div class=\"elementor-element elementor-element-8698d03 elementor-widget elementor-widget-image\" data-id=\"8698d03\" data-element_type=\"widget\" data-widget_type=\"image.default\">\n\t\t\t\t<div class=\"elementor-widget-container\">\n\t\t\t\t\t\t\t\t\t\t\t\t\t\t\t<img decoding=\"async\" width=\"608\" height=\"413\" src=\"https:\/\/www.humanhelp.pl\/wp-content\/uploads\/2023\/07\/photo3.jpg\" class=\"attachment-large size-large wp-image-222\" alt=\"\" srcset=\"https:\/\/www.humanhelp.pl\/wp-content\/uploads\/2023\/07\/photo3.jpg 608w, https:\/\/www.humanhelp.pl\/wp-content\/uploads\/2023\/07\/photo3-300x204.jpg 300w\" sizes=\"(max-width: 608px) 100vw, 608px\" \/>\t\t\t\t\t\t\t\t\t\t\t\t\t\t\t<\/div>\n\t\t\t\t<\/div>\n\t\t\t\t<div class=\"elementor-element elementor-element-0dc75cf elementor-widget elementor-widget-spacer\" data-id=\"0dc75cf\" data-element_type=\"widget\" data-widget_type=\"spacer.default\">\n\t\t\t\t<div class=\"elementor-widget-container\">\n\t\t\t\t\t<div class=\"elementor-spacer\">\n\t\t\t<div class=\"elementor-spacer-inner\"><\/div>\n\t\t<\/div>\n\t\t\t\t<\/div>\n\t\t\t\t<\/div>\n\t\t\t\t\t<\/div>\n\t\t<\/div>\n\t\t\t\t<div class=\"elementor-column elementor-col-50 elementor-top-column elementor-element elementor-element-a99961c\" data-id=\"a99961c\" data-element_type=\"column\">\n\t\t\t<div class=\"elementor-widget-wrap elementor-element-populated\">\n\t\t\t\t\t\t\t\t<div class=\"elementor-element elementor-element-78470e7 elementor-widget elementor-widget-heading\" data-id=\"78470e7\" data-element_type=\"widget\" id=\"POMOC\" data-widget_type=\"heading.default\">\n\t\t\t\t<div class=\"elementor-widget-container\">\n\t\t\t<h5 class=\"elementor-heading-title elementor-size-default\">\u0414\u041e\u041f\u041e\u041c\u041e\u0413\u0410 \u0423 \u041f\u041e\u0428\u0423\u041a\u0410\u0425 \u041a\u0412\u0410\u0420\u0422\u0418\u0420\u0418<\/h5>\t\t<\/div>\n\t\t\t\t<\/div>\n\t\t\t\t<div class=\"elementor-element elementor-element-09c0313 elementor-widget elementor-widget-text-editor\" data-id=\"09c0313\" data-element_type=\"widget\" data-widget_type=\"text-editor.default\">\n\t\t\t\t<div class=\"elementor-widget-container\">\n\t\t\t\t\t\t\t<p>\u0424\u043e\u043d\u0434 \u0441\u043f\u0456\u0432\u043f\u0440\u0430\u0446\u044e\u0454 \u0437 \u043f\u0456\u0434\u043f\u0440\u0438\u0454\u043c\u0446\u044f\u043c\u0438 \u043f\u043e \u0432\u0441\u0456\u0439 \u043a\u0440\u0430\u0457\u043d\u0456, \u044f\u043a\u0456 \u043c\u0430\u044e\u0442\u044c \u0431\u0430\u0433\u0430\u0442\u043e \u0436\u0438\u0442\u043b\u0430 \u043f\u0456\u0434 \u0432\u0438\u043d\u0430\u0439\u043c.<br \/>\u041c\u0438\n\u0434\u043e\u043f\u043e\u043c\u043e\u0436\u0435\u043c\u043e \u0437\u043d\u0430\u0439\u0442\u0438 \u0432\u0456\u0434\u043f\u043e\u0432\u0456\u0434\u043d\u0435 \u043c\u0456\u0441\u0446\u0435 \u043f\u0440\u043e\u0436\u0438\u0432\u0430\u043d\u043d\u044f \u0442\u0430 \u043e\u0440\u0433\u0430\u043d\u0456\u0437\u0443\u0454\u043c\u043e \u0431\u0435\u0437\u043f\u0435\u0447\u043d\u0438\u0439 \u0442\u0440\u0430\u043d\u0441\u043f\u043e\u0440\u0442.<br \/>oraz zorganizujemy bezpieczny transportu.<\/p>\t\t\t\t\t\t<\/div>\n\t\t\t\t<\/div>\n\t\t\t\t<div class=\"elementor-element elementor-element-62d2d5f elementor-widget elementor-widget-heading\" data-id=\"62d2d5f\" data-element_type=\"widget\" id=\"WSPARCIE\" data-widget_type=\"heading.default\">\n\t\t\t\t<div class=\"elementor-widget-container\">\n\t\t\t<h5 class=\"elementor-heading-title elementor-size-default\">\u041f\u0406\u0414\u0422\u0420\u0418\u041c\u041a\u0410 \u0406 \u0414\u041e\u041f\u041e\u041c\u041e\u0413\u0410 \u0423 \u0429\u041e\u0414\u0415\u041d\u041d\u041e\u041c\u0423 \u0416\u0418\u0422\u0422\u0406<\/h5>\t\t<\/div>\n\t\t\t\t<\/div>\n\t\t\t\t<div class=\"elementor-element elementor-element-4cf7bda elementor-widget elementor-widget-text-editor\" data-id=\"4cf7bda\" data-element_type=\"widget\" data-widget_type=\"text-editor.default\">\n\t\t\t\t<div class=\"elementor-widget-container\">\n\t\t\t\t\t\t\t<p>\u0424\u043e\u043d\u0434 \u0432\u0456\u0434\u043a\u0440\u0438\u0442\u0438\u0439 \u0434\u043e \u0437\u0430\u043f\u0438\u0442\u0430\u043d\u044c \u043d\u0443\u0436\u0434\u0435\u043d\u043d\u0438\u0445, \u0430 \u0442\u0430\u043a\u043e\u0436 \u0434\u043e\u043f\u043e\u043c\u043e\u0436\u0435 \u0443 \u0432\u0438\u0440\u0456\u0448\u0435\u043d\u043d\u0456 \u043f\u043e\u0442\u043e\u0447\u043d\u0438\u0445\n\u043f\u0440\u043e\u0431\u043b\u0435\u043c. \u0414\u043e\u0441\u0438\u0442\u044c \u0437\u0432\u0435\u0440\u043d\u0443\u0442\u0438\u0441\u044f \u0434\u043e \u043a\u043e\u043d\u0441\u0443\u043b\u044c\u0442\u0430\u043d\u0442\u0430 \u0456 \u0432\u0456\u043d \u043e\u0431\u043e\u0432&#039;\u044f\u0437\u043a\u043e\u0432\u043e \u043f\u043e\u0440\u0430\u0434\u0438\u0442\u044c, \u0449\u043e \u0440\u043e\u0431\u0438\u0442\u0438 \u0432\n\u043d\u043e\u0432\u0438\u0445 \u0441\u0438\u0442\u0443\u0430\u0446\u0456\u044f\u0445.<\/p>\t\t\t\t\t\t<\/div>\n\t\t\t\t<\/div>\n\t\t\t\t\t<\/div>\n\t\t<\/div>\n\t\t\t\t\t\t\t<\/div>\n\t\t<\/section>\n\t\t\t\t\t\t\t<\/div>","protected":false},"excerpt":{"rendered":"<p>Oferujemy Wiemy, \u017ce zaklimatyzowanie si\u0119 w nowym miejscu bywa bardzo trudne i stresuj\u0105ce. Dlatego nasi opiekunowie pomog\u0105 w odnalezieniu si\u0119 w nowej sytuacji poprzez zapewnienie m.in. pomocy w znalezieniu nowego miejsca zamieszkania, zapewnieniu szkole\u0144 czy po prostu w zwyk\u0142ym, codziennym wsparciu jak przyjaciel przyjacielowi. SZKOLENIA ZAWODOWE Fundacja zapewnia kompleksowe szkolenia, kt\u00f3re pomog\u0105 w p\u0142ynnym zaadoptowaniu [&hellip;]<\/p>","protected":false},"author":1,"featured_media":0,"parent":0,"menu_order":0,"comment_status":"closed","ping_status":"closed","template":"","meta":{"footnotes":""},"class_list":["post-106","page","type-page","status-publish","hentry"],"_links":{"self":[{"href":"https:\/\/www.humanhelp.pl\/uk\/wp-json\/wp\/v2\/pages\/106","targetHints":{"allow":["GET"]}}],"collection":[{"href":"https:\/\/www.humanhelp.pl\/uk\/wp-json\/wp\/v2\/pages"}],"about":[{"href":"https:\/\/www.humanhelp.pl\/uk\/wp-json\/wp\/v2\/types\/page"}],"author":[{"embeddable":true,"href":"https:\/\/www.humanhelp.pl\/uk\/wp-json\/wp\/v2\/users\/1"}],"replies":[{"embeddable":true,"href":"https:\/\/www.humanhelp.pl\/uk\/wp-json\/wp\/v2\/comments?post=106"}],"version-history":[{"count":0,"href":"https:\/\/www.humanhelp.pl\/uk\/wp-json\/wp\/v2\/pages\/106\/revisions"}],"wp:attachment":[{"href":"https:\/\/www.humanhelp.pl\/uk\/wp-json\/wp\/v2\/media?parent=106"}],"curies":[{"name":"wp","href":"https:\/\/api.w.org\/{rel}","templated":true}]}}